{"id":612,"date":"2024-12-13T09:20:30","date_gmt":"2024-12-13T08:20:30","guid":{"rendered":"https:\/\/campingpanorama-lipno.cz\/o-nas\/"},"modified":"2025-04-18T17:18:39","modified_gmt":"2025-04-18T15:18:39","slug":"o-nas","status":"publish","type":"page","link":"https:\/\/campingpanorama-lipno.cz\/cs\/o-nas\/","title":{"rendered":"O n\u00e1s"},"content":{"rendered":"\t\t<div data-elementor-type=\"wp-page\" data-elementor-id=\"612\" class=\"elementor elementor-612 elementor-71\" data-elementor-post-type=\"page\">\n\t\t\t\t<div class=\"elementor-element elementor-element-8407d59 e-con-full e-flex e-con e-parent\" data-id=\"8407d59\" data-element_type=\"container\" data-settings=\"{&quot;background_background&quot;:&quot;classic&quot;,&quot;shape_divider_bottom&quot;:&quot;tilt&quot;}\">\n\t\t\t\t<div class=\"elementor-shape elementor-shape-bottom\" data-negative=\"false\">\n\t\t\t<svg xmlns=\"http:\/\/www.w3.org\/2000\/svg\" viewBox=\"0 0 1000 100\" preserveAspectRatio=\"none\">\n\t<path class=\"elementor-shape-fill\" d=\"M0,6V0h1000v100L0,6z\"\/>\n<\/svg>\t\t<\/div>\n\t\t\t\t<\/div>\n\t\t<div class=\"elementor-element elementor-element-731fce9 e-flex e-con-boxed elementor-invisible e-con e-parent\" data-id=\"731fce9\" data-element_type=\"container\" data-settings=\"{&quot;animation&quot;:&quot;fadeInUp&quot;}\">\n\t\t\t\t\t<div class=\"e-con-inner\">\n\t\t\t\t<div class=\"elementor-element elementor-element-363777f elementor-widget elementor-widget-heading\" data-id=\"363777f\" data-element_type=\"widget\" data-widget_type=\"heading.default\">\n\t\t\t\t<div class=\"elementor-widget-container\">\n\t\t\t\t\t<h1 class=\"elementor-heading-title elementor-size-default\">O kempov\u00e1n\u00ed panorama<\/h1>\t\t\t\t<\/div>\n\t\t\t\t<\/div>\n\t\t\t\t<div class=\"elementor-element elementor-element-1c87b8b elementor-widget__width-initial elementor-widget elementor-widget-text-editor\" data-id=\"1c87b8b\" data-element_type=\"widget\" data-widget_type=\"text-editor.default\">\n\t\t\t\t<div class=\"elementor-widget-container\">\n\t\t\t\t\t\t\t\t\t<p>Kemp Panorama se nach\u00e1z\u00ed na jednom z nejkr\u00e1sn\u011bj\u0161\u00edch m\u00edst Lipensk\u00e9ho jezera v Lipn\u011b nad Vltavou. Tady mus\u00edte p\u0159ij\u00edt a nechat se un\u00e1\u0161et. Proto\u017ee jakmile doraz\u00edte na sv\u00e9 vlastn\u00ed h\u0159i\u0161t\u011b, ka\u017edodenn\u00ed \u017eivot a stres zmiz\u00ed a v\u00e1s se zmocn\u00ed p\u0159\u00edjemn\u00fd, \u00fatuln\u00fd pr\u00e1zdninov\u00fd pocit. P\u0159ije\u010fte si k n\u00e1m na Lipno a u\u017eijte si relaxa\u010dn\u00ed a p\u016fsobiv\u00e9 chv\u00edle.<\/p>\t\t\t\t\t\t\t\t<\/div>\n\t\t\t\t<\/div>\n\t\t\t\t\t<\/div>\n\t\t\t\t<\/div>\n\t\t<div class=\"elementor-element elementor-element-58c7280 e-flex e-con-boxed elementor-invisible e-con e-parent\" data-id=\"58c7280\" data-element_type=\"container\" id=\"preise\" data-settings=\"{&quot;animation&quot;:&quot;fadeInUp&quot;}\">\n\t\t\t\t\t<div class=\"e-con-inner\">\n\t\t\t\t<div class=\"elementor-element elementor-element-8c6579a elementor-widget elementor-widget-heading\" data-id=\"8c6579a\" data-element_type=\"widget\" data-widget_type=\"heading.default\">\n\t\t\t\t<div class=\"elementor-widget-container\">\n\t\t\t\t\t<h2 class=\"elementor-heading-title elementor-size-default\">Ceny 2025<\/h2>\t\t\t\t<\/div>\n\t\t\t\t<\/div>\n\t\t\t\t\t<\/div>\n\t\t\t\t<\/div>\n\t\t<div class=\"elementor-element elementor-element-35d09e3 e-flex e-con-boxed e-con e-parent\" data-id=\"35d09e3\" data-element_type=\"container\">\n\t\t\t\t\t<div class=\"e-con-inner\">\n\t\t\t\t<div class=\"elementor-element elementor-element-ec4aac6 elementor-widget elementor-widget-image\" data-id=\"ec4aac6\" data-element_type=\"widget\" data-widget_type=\"image.default\">\n\t\t\t\t<div class=\"elementor-widget-container\">\n\t\t\t\t\t\t\t\t\t\t\t\t\t\t\t<img fetchpriority=\"high\" decoding=\"async\" width=\"724\" height=\"1024\" src=\"https:\/\/campingpanorama-lipno.cz\/wp-content\/uploads\/2024\/12\/01_Lageplan-Campingplatz-1-724x1024.png\" class=\"attachment-large size-large wp-image-253\" alt=\"\" srcset=\"https:\/\/campingpanorama-lipno.cz\/wp-content\/uploads\/2024\/12\/01_Lageplan-Campingplatz-1-724x1024.png 724w, https:\/\/campingpanorama-lipno.cz\/wp-content\/uploads\/2024\/12\/01_Lageplan-Campingplatz-1-212x300.png 212w, https:\/\/campingpanorama-lipno.cz\/wp-content\/uploads\/2024\/12\/01_Lageplan-Campingplatz-1-768x1086.png 768w, https:\/\/campingpanorama-lipno.cz\/wp-content\/uploads\/2024\/12\/01_Lageplan-Campingplatz-1-1086x1536.png 1086w, https:\/\/campingpanorama-lipno.cz\/wp-content\/uploads\/2024\/12\/01_Lageplan-Campingplatz-1-1448x2048.png 1448w\" sizes=\"(max-width: 724px) 100vw, 724px\" \/>\t\t\t\t\t\t\t\t\t\t\t\t\t\t\t<\/div>\n\t\t\t\t<\/div>\n\t\t\t\t\t<\/div>\n\t\t\t\t<\/div>\n\t\t<div class=\"elementor-element elementor-element-6a30757 e-flex e-con-boxed e-con e-parent\" data-id=\"6a30757\" data-element_type=\"container\">\n\t\t\t\t\t<div class=\"e-con-inner\">\n\t\t\t\t<div class=\"elementor-element elementor-element-4819f79 elementor-widget elementor-widget-image\" data-id=\"4819f79\" data-element_type=\"widget\" data-widget_type=\"image.default\">\n\t\t\t\t<div class=\"elementor-widget-container\">\n\t\t\t\t\t\t\t\t\t\t\t\t\t\t\t<img decoding=\"async\" width=\"800\" height=\"567\" src=\"https:\/\/campingpanorama-lipno.cz\/wp-content\/uploads\/2024\/12\/camping-panorama-sanitaeranlagen-1024x726.png\" class=\"attachment-large size-large wp-image-666\" alt=\"\" srcset=\"https:\/\/campingpanorama-lipno.cz\/wp-content\/uploads\/2024\/12\/camping-panorama-sanitaeranlagen-1024x726.png 1024w, https:\/\/campingpanorama-lipno.cz\/wp-content\/uploads\/2024\/12\/camping-panorama-sanitaeranlagen-300x213.png 300w, https:\/\/campingpanorama-lipno.cz\/wp-content\/uploads\/2024\/12\/camping-panorama-sanitaeranlagen-768x544.png 768w, https:\/\/campingpanorama-lipno.cz\/wp-content\/uploads\/2024\/12\/camping-panorama-sanitaeranlagen.png 1119w\" sizes=\"(max-width: 800px) 100vw, 800px\" \/>\t\t\t\t\t\t\t\t\t\t\t\t\t\t\t<\/div>\n\t\t\t\t<\/div>\n\t\t\t\t\t<\/div>\n\t\t\t\t<\/div>\n\t\t<div class=\"elementor-element elementor-element-8b0f0ec e-flex e-con-boxed elementor-invisible e-con e-parent\" data-id=\"8b0f0ec\" data-element_type=\"container\" data-settings=\"{&quot;animation&quot;:&quot;fadeInUp&quot;}\">\n\t\t\t\t\t<div class=\"e-con-inner\">\n\t\t\t\t<div class=\"elementor-element elementor-element-ec0ca54 elementor-widget elementor-widget-html\" data-id=\"ec0ca54\" data-element_type=\"widget\" data-widget_type=\"html.default\">\n\t\t\t\t<div class=\"elementor-widget-container\">\n\t\t\t\t\t<style type=\"text\/css\">.tg  {border-collapse:collapse;border-spacing:0;}\n.tg td{border-color:black;border-style:solid;border-width:1px;font-family:Arial, sans-serif;font-size:14px;\n  overflow:hidden;padding:10px 5px;word-break:normal;}\n.tg th{border-color:black;border-style:solid;border-width:1px;font-family:Arial, sans-serif;font-size:14px;\n  font-weight:normal;overflow:hidden;padding:10px 5px;word-break:normal;}\n.tg .tg-1wig{font-weight:bold;text-align:left;vertical-align:top}\n.tg .tg-baqh{text-align:center;vertical-align:top}\n.tg .tg-0lax{text-align:left;vertical-align:top}\n.tg .tg-amwm{font-weight:bold;text-align:center;vertical-align:top}\n\ntable.tg {\n    min-width: 700px;\n}\n\ntable *{\n    border: 1px solid #000 !important;\n    background: transparent !important;\n}\n.cata{\n    background: #a59354 !important;\n    color: #fff;\n    font-weight: bold;\n    font-size: 40px !important;\n        vertical-align: middle !important;\n}\n.catb{\n    background: #ff6d00 !important;\n    color: #fff;\n    font-weight: bold;\n    font-size: 40px !important;\n    vertical-align: middle !important;\n}\n.catc{\n    background: #3f3f3f !important;\n    color: #fff;\n    font-weight: bold;\n    font-size: 40px !important;\n    vertical-align: middle !important;\n}\n\n<\/style><table class=\"tg\"><thead><tr><th class=\"tg-0lax\"><\/th><th class=\"tg-0lax\"><\/th><th class=\"tg-amwm\" colspan=\"3\">15.5.2025 - 30.6.2025 | 1.9.2025 - 15.10.2025<\/th><th class=\"tg-amwm\" colspan=\"3\">1.7.2025 - 31.8.2025<\/th><\/tr><\/thead><tbody><tr><td class=\"tg-amwm\">Zone<\/td><td class=\"tg-amwm\">Gr\u00f6\u00dfe<\/td><td class=\"tg-amwm\">Stellplatz<\/td><td class=\"tg-amwm\">2 PAX<\/td><td class=\"tg-amwm\">Kind (6-16 Jahre)<\/td><td class=\"tg-amwm\">Stellplatz<\/td><td class=\"tg-amwm\">2 PAX<\/td><td class=\"tg-amwm\">Kind (6-16 Jahre)<\/td><\/tr><tr><td class=\"tg-baqh cata\" rowspan=\"4\">A<\/td><td class=\"tg-baqh\">S<\/td><td class=\"tg-baqh\">\u20ac 22,00<\/td><td class=\"tg-baqh\">\u20ac 24,00<\/td><td class=\"tg-baqh\">\u20ac 8,00<\/td><td class=\"tg-baqh\">\u20ac 26,00<\/td><td class=\"tg-baqh\">\u20ac 26,00<\/td><td class=\"tg-baqh\">\u20ac 10,00<\/td><\/tr><tr><td class=\"tg-baqh\">M<\/td><td class=\"tg-baqh\">\u20ac 24,00<\/td><td class=\"tg-baqh\">\u20ac 24,00<\/td><td class=\"tg-baqh\">\u20ac 8,00<\/td><td class=\"tg-baqh\">\u20ac 28,00<\/td><td class=\"tg-baqh\">\u20ac 26,00<\/td><td class=\"tg-baqh\">\u20ac 10,00<\/td><\/tr><tr><td class=\"tg-baqh\">L<\/td><td class=\"tg-baqh\">\u20ac 26,00<\/td><td class=\"tg-baqh\">\u20ac 24,00<\/td><td class=\"tg-baqh\">\u20ac 8,00<\/td><td class=\"tg-baqh\">\u20ac 30,00<\/td><td class=\"tg-baqh\">\u20ac 26,00<\/td><td class=\"tg-baqh\">\u20ac 10,00<\/td><\/tr><tr><td class=\"tg-baqh\">X<\/td><td class=\"tg-baqh\">\u20ac 28,00<\/td><td class=\"tg-baqh\">\u20ac 24,00<\/td><td class=\"tg-baqh\">\u20ac 8,00<\/td><td class=\"tg-baqh\">\u20ac 32,00<\/td><td class=\"tg-baqh\">\u20ac 26,00<\/td><td class=\"tg-baqh\">\u20ac 10,00<\/td><\/tr><tr><td class=\"tg-baqh catb\" rowspan=\"4\">B<\/td><td class=\"tg-baqh\">S<\/td><td class=\"tg-baqh\">\u20ac 20,00<\/td><td class=\"tg-baqh\">\u20ac 22,00<\/td><td class=\"tg-baqh\">\u20ac 7,00<\/td><td class=\"tg-baqh\">\u20ac 24,00<\/td><td class=\"tg-baqh\">\u20ac 24,00<\/td><td class=\"tg-baqh\">\u20ac 9,00<\/td><\/tr><tr><td class=\"tg-baqh\">M<\/td><td class=\"tg-baqh\">\u20ac 22,00<\/td><td class=\"tg-baqh\">\u20ac 22,00<\/td><td class=\"tg-baqh\">\u20ac 7,00<\/td><td class=\"tg-baqh\">\u20ac 26,00<\/td><td class=\"tg-baqh\">\u20ac 24,00<\/td><td class=\"tg-baqh\">\u20ac 9,00<\/td><\/tr><tr><td class=\"tg-baqh\">L<\/td><td class=\"tg-baqh\">\u20ac 24,00<\/td><td class=\"tg-baqh\">\u20ac 22,00<\/td><td class=\"tg-baqh\">\u20ac 7,00<\/td><td class=\"tg-baqh\">\u20ac 28,00<\/td><td class=\"tg-baqh\">\u20ac 24,00<\/td><td class=\"tg-baqh\">\u20ac 9,00<\/td><\/tr><tr><td class=\"tg-baqh\">X<\/td><td class=\"tg-baqh\">\u20ac 26,00<\/td><td class=\"tg-baqh\">\u20ac 22,00<\/td><td class=\"tg-baqh\">\u20ac 7,00<\/td><td class=\"tg-baqh\">\u20ac 30,00<\/td><td class=\"tg-baqh\">\u20ac 24,00<\/td><td class=\"tg-baqh\">\u20ac 9,00<\/td><\/tr><tr><td class=\"tg-baqh catc\" rowspan=\"4\">C<\/td><td class=\"tg-baqh\">S<\/td><td class=\"tg-baqh\">\u20ac 18,00<\/td><td class=\"tg-baqh\">\u20ac 20,00<\/td><td class=\"tg-baqh\">\u20ac 6,00<\/td><td class=\"tg-baqh\">\u20ac 22,00<\/td><td class=\"tg-baqh\">\u20ac 22,00<\/td><td class=\"tg-baqh\">\u20ac 8,00<\/td><\/tr><tr><td class=\"tg-baqh\">M<\/td><td class=\"tg-baqh\">\u20ac 20,00<\/td><td class=\"tg-baqh\">\u20ac 20,00<\/td><td class=\"tg-baqh\">\u20ac 6,00<\/td><td class=\"tg-baqh\">\u20ac 24,00<\/td><td class=\"tg-baqh\">\u20ac 22,00<\/td><td class=\"tg-baqh\">\u20ac 8,00<\/td><\/tr><tr><td class=\"tg-baqh\">L<\/td><td class=\"tg-baqh\">\u20ac 22,00<\/td><td class=\"tg-baqh\">\u20ac 20,00<\/td><td class=\"tg-baqh\">\u20ac 6,00<\/td><td class=\"tg-baqh\">\u20ac 26,00<\/td><td class=\"tg-baqh\">\u20ac 22,00<\/td><td class=\"tg-baqh\">\u20ac 8,00<\/td><\/tr><tr><td class=\"tg-baqh\">X<\/td><td class=\"tg-baqh\">\u20ac 24,00<\/td><td class=\"tg-baqh\">\u20ac 20,00<\/td><td class=\"tg-baqh\">\u20ac 6,00<\/td><td class=\"tg-baqh\">\u20ac 28,00<\/td><td class=\"tg-baqh\">\u20ac 22,00<\/td><td class=\"tg-baqh\">\u20ac 8,00<\/td><\/tr><\/tbody><\/table>\t\t\t\t<\/div>\n\t\t\t\t<\/div>\n\t\t\t\t\t<\/div>\n\t\t\t\t<\/div>\n\t\t<div class=\"elementor-element elementor-element-f00bd5d e-flex e-con-boxed e-con e-parent\" data-id=\"f00bd5d\" data-element_type=\"container\">\n\t\t\t\t\t<div class=\"e-con-inner\">\n\t\t\t\t<div class=\"elementor-element elementor-element-ea57b61 elementor-widget__width-initial elementor-widget elementor-widget-text-editor\" data-id=\"ea57b61\" data-element_type=\"widget\" data-widget_type=\"text-editor.default\">\n\t\t\t\t<div class=\"elementor-widget-container\">\n\t\t\t\t\t\t\t\t\t<h3>REZERVOVAT NA<\/h3>\n<h2><a href=\"http:\/\/camping-panorama.cz\/\">CAMPING PANORAMA.CZ<\/a><\/h2>\n<h5><a href=\"mailto:info@camping-panorama.cz\" target=\"_blank\" rel=\"noopener\">info@camping-panorama.cz<\/a><\/h4>\t\t\t\t\t\t\t\t<\/div>\n\t\t\t\t<\/div>\n\t\t\t\t\t<\/div>\n\t\t\t\t<\/div>\n\t\t<div class=\"elementor-element elementor-element-4be3d04 e-flex e-con-boxed elementor-invisible e-con e-parent\" data-id=\"4be3d04\" data-element_type=\"container\" data-settings=\"{&quot;animation&quot;:&quot;fadeInUp&quot;}\">\n\t\t\t\t\t<div class=\"e-con-inner\">\n\t\t<div class=\"elementor-element elementor-element-2757225 e-con-full e-flex e-con e-child\" data-id=\"2757225\" data-element_type=\"container\" data-settings=\"{&quot;background_background&quot;:&quot;classic&quot;}\">\n\t\t\t\t<div class=\"elementor-element elementor-element-098712c elementor-widget elementor-widget-gallery\" data-id=\"098712c\" data-element_type=\"widget\" data-settings=\"{&quot;gallery_layout&quot;:&quot;masonry&quot;,&quot;columns&quot;:3,&quot;gap&quot;:{&quot;unit&quot;:&quot;px&quot;,&quot;size&quot;:20,&quot;sizes&quot;:[]},&quot;gap_tablet&quot;:{&quot;unit&quot;:&quot;px&quot;,&quot;size&quot;:20,&quot;sizes&quot;:[]},&quot;gap_mobile&quot;:{&quot;unit&quot;:&quot;px&quot;,&quot;size&quot;:20,&quot;sizes&quot;:[]},&quot;lazyload&quot;:&quot;yes&quot;,&quot;columns_tablet&quot;:2,&quot;columns_mobile&quot;:1,&quot;link_to&quot;:&quot;file&quot;,&quot;content_hover_animation&quot;:&quot;fade-in&quot;}\" data-widget_type=\"gallery.default\">\n\t\t\t\t<div class=\"elementor-widget-container\">\n\t\t\t\t\t\t\t<div class=\"elementor-gallery__container\">\n\t\t\t\t\t\t\t<a class=\"e-gallery-item elementor-gallery-item elementor-animated-content\" href=\"https:\/\/campingpanorama-lipno.cz\/wp-content\/uploads\/2024\/12\/SUP-see-scaled.jpg\" data-elementor-open-lightbox=\"no\">\n\t\t\t\t\t<div class=\"e-gallery-image elementor-gallery-item__image\" data-thumbnail=\"https:\/\/campingpanorama-lipno.cz\/wp-content\/uploads\/2024\/12\/SUP-see-1024x683.jpg\" data-width=\"800\" data-height=\"534\" aria-label=\"\" role=\"img\" ><\/div>\n\t\t\t\t\t\t\t\t\t\t\t\t\t\t<\/a>\n\t\t\t\t\t\t\t<a class=\"e-gallery-item elementor-gallery-item elementor-animated-content\" href=\"https:\/\/campingpanorama-lipno.cz\/wp-content\/uploads\/2024\/12\/3.jpg\" data-elementor-open-lightbox=\"no\">\n\t\t\t\t\t<div class=\"e-gallery-image elementor-gallery-item__image\" data-thumbnail=\"https:\/\/campingpanorama-lipno.cz\/wp-content\/uploads\/2024\/12\/3-819x1024.jpg\" data-width=\"800\" data-height=\"1000\" aria-label=\"\" role=\"img\" ><\/div>\n\t\t\t\t\t\t\t\t\t\t\t\t\t\t<\/a>\n\t\t\t\t\t\t\t<a class=\"e-gallery-item elementor-gallery-item elementor-animated-content\" href=\"https:\/\/campingpanorama-lipno.cz\/wp-content\/uploads\/2024\/12\/campingplatz-stellplaetze-scaled.jpg\" data-elementor-open-lightbox=\"no\">\n\t\t\t\t\t<div class=\"e-gallery-image elementor-gallery-item__image\" data-thumbnail=\"https:\/\/campingpanorama-lipno.cz\/wp-content\/uploads\/2024\/12\/campingplatz-stellplaetze-1024x576.jpg\" data-width=\"800\" data-height=\"450\" aria-label=\"\" role=\"img\" ><\/div>\n\t\t\t\t\t\t\t\t\t\t\t\t\t\t<\/a>\n\t\t\t\t\t\t\t<a class=\"e-gallery-item elementor-gallery-item elementor-animated-content\" href=\"https:\/\/campingpanorama-lipno.cz\/wp-content\/uploads\/2024\/12\/Design-ohne-Titel.jpg\" data-elementor-open-lightbox=\"no\">\n\t\t\t\t\t<div class=\"e-gallery-image elementor-gallery-item__image\" data-thumbnail=\"https:\/\/campingpanorama-lipno.cz\/wp-content\/uploads\/2024\/12\/Design-ohne-Titel-819x1024.jpg\" data-width=\"800\" data-height=\"1000\" aria-label=\"\" role=\"img\" ><\/div>\n\t\t\t\t\t\t\t\t\t\t\t\t\t\t<\/a>\n\t\t\t\t\t\t\t<a class=\"e-gallery-item elementor-gallery-item elementor-animated-content\" href=\"https:\/\/campingpanorama-lipno.cz\/wp-content\/uploads\/2024\/12\/2.jpg\" data-elementor-open-lightbox=\"no\">\n\t\t\t\t\t<div class=\"e-gallery-image elementor-gallery-item__image\" data-thumbnail=\"https:\/\/campingpanorama-lipno.cz\/wp-content\/uploads\/2024\/12\/2-819x1024.jpg\" data-width=\"800\" data-height=\"1000\" aria-label=\"\" role=\"img\" ><\/div>\n\t\t\t\t\t\t\t\t\t\t\t\t\t\t<\/a>\n\t\t\t\t\t\t\t<a class=\"e-gallery-item elementor-gallery-item elementor-animated-content\" href=\"https:\/\/campingpanorama-lipno.cz\/wp-content\/uploads\/2024\/12\/pavillon-tische-gedeckt-1-scaled.jpg\" data-elementor-open-lightbox=\"no\">\n\t\t\t\t\t<div class=\"e-gallery-image elementor-gallery-item__image\" data-thumbnail=\"https:\/\/campingpanorama-lipno.cz\/wp-content\/uploads\/2024\/12\/pavillon-tische-gedeckt-1-1024x683.jpg\" data-width=\"800\" data-height=\"534\" aria-label=\"\" role=\"img\" ><\/div>\n\t\t\t\t\t\t\t\t\t\t\t\t\t\t<\/a>\n\t\t\t\t\t<\/div>\n\t\t\t\t\t<\/div>\n\t\t\t\t<\/div>\n\t\t\t\t<\/div>\n\t\t\t\t\t<\/div>\n\t\t\t\t<\/div>\n\t\t<div class=\"elementor-element elementor-element-d926d48 e-flex e-con-boxed elementor-invisible e-con e-parent\" data-id=\"d926d48\" data-element_type=\"container\" data-settings=\"{&quot;animation&quot;:&quot;fadeInUp&quot;}\">\n\t\t\t\t\t<div class=\"e-con-inner\">\n\t\t\t\t<div class=\"elementor-element elementor-element-f2a6da0 elementor-widget elementor-widget-heading\" data-id=\"f2a6da0\" data-element_type=\"widget\" data-widget_type=\"heading.default\">\n\t\t\t\t<div class=\"elementor-widget-container\">\n\t\t\t\t\t<h2 class=\"elementor-heading-title elementor-size-default\"><br>NOV\u00dd PAVILON<\/h2>\t\t\t\t<\/div>\n\t\t\t\t<\/div>\n\t\t\t\t\t<\/div>\n\t\t\t\t<\/div>\n\t\t<div class=\"elementor-element elementor-element-2f36fc0 e-flex e-con-boxed e-con e-parent\" data-id=\"2f36fc0\" data-element_type=\"container\">\n\t\t\t\t\t<div class=\"e-con-inner\">\n\t\t\t\t<div class=\"elementor-element elementor-element-4619ece elementor-widget__width-initial elementor-widget elementor-widget-text-editor\" data-id=\"4619ece\" data-element_type=\"widget\" data-widget_type=\"text-editor.default\">\n\t\t\t\t<div class=\"elementor-widget-container\">\n\t\t\t\t\t\t\t\t\t<p>V kv\u011btnu 2025 v\u00e1s n\u00e1\u0161 pavilon p\u0159iv\u00edt\u00e1 v nov\u00e9m vzhledu a s nov\u00fdm menu. V hork\u00fdch letn\u00edch dnech je to ide\u00e1ln\u00ed m\u00edsto pro chladiv\u00e9 n\u00e1poje, chutn\u00e9 ob\u010derstven\u00ed a uklid\u0148uj\u00edc\u00ed v\u00fdhled na t\u0159pyt\u00edc\u00ed se jezero. Poci\u0165te lehk\u00fd letn\u00ed v\u00e1nek vanouc\u00ed p\u0159es na\u0161i kr\u00e1snou terasu. A u\u017eijte si \u010das se sv\u00fdmi bl\u00edzk\u00fdmi.<\/p>\t\t\t\t\t\t\t\t<\/div>\n\t\t\t\t<\/div>\n\t\t\t\t\t<\/div>\n\t\t\t\t<\/div>\n\t\t<div class=\"elementor-element elementor-element-dbaaf77 e-flex e-con-boxed elementor-invisible e-con e-parent\" data-id=\"dbaaf77\" data-element_type=\"container\" data-settings=\"{&quot;animation&quot;:&quot;fadeInUp&quot;}\">\n\t\t\t\t\t<div class=\"e-con-inner\">\n\t\t<div class=\"elementor-element elementor-element-89ed333 e-con-full e-flex e-con e-child\" data-id=\"89ed333\" data-element_type=\"container\" data-settings=\"{&quot;background_background&quot;:&quot;classic&quot;}\">\n\t\t\t\t<div class=\"elementor-element elementor-element-75f05c4 elementor-widget elementor-widget-video\" data-id=\"75f05c4\" data-element_type=\"widget\" data-settings=\"{&quot;show_image_overlay&quot;:&quot;yes&quot;,&quot;image_overlay&quot;:{&quot;url&quot;:&quot;https:\\\/\\\/campingpanorama-lipno.cz\\\/wp-content\\\/uploads\\\/2024\\\/12\\\/camping-panorama-pavillon-visualisierung-neueroeffnung2025_1.png&quot;,&quot;id&quot;:374,&quot;size&quot;:&quot;&quot;,&quot;alt&quot;:&quot;&quot;,&quot;source&quot;:&quot;library&quot;},&quot;video_type&quot;:&quot;hosted&quot;,&quot;controls&quot;:&quot;yes&quot;}\" data-widget_type=\"video.default\">\n\t\t\t\t<div class=\"elementor-widget-container\">\n\t\t\t\t\t\t\t<div class=\"e-hosted-video elementor-wrapper elementor-open-inline\">\n\t\t\t\t\t<video class=\"elementor-video\" src=\"https:\/\/campingpanorama-lipno.cz\/wp-content\/uploads\/2024\/12\/camping-panorama-pavillon-visualisierung-kurz-website1.mp4\" controls=\"\" preload=\"metadata\" controlsList=\"nodownload\" poster=\"https:\/\/campingpanorama-lipno.cz\/wp-content\/uploads\/2024\/12\/camping-panorama-pavillon-visualisierung-neueroeffnung2025_1.png\"><\/video>\n\t\t\t\t\t\t<div class=\"elementor-custom-embed-image-overlay\" style=\"background-image: url(https:\/\/campingpanorama-lipno.cz\/wp-content\/uploads\/2024\/12\/camping-panorama-pavillon-visualisierung-neueroeffnung2025_1.png);\">\n\t\t\t\t\t\t\t\t\t\t\t\t\t\t\t\t<div class=\"elementor-custom-embed-play\" role=\"button\" aria-label=\"P\u0159ehr\u00e1t video\" tabindex=\"0\">\n\t\t\t\t\t\t\t<svg aria-hidden=\"true\" class=\"e-font-icon-svg e-eicon-play\" viewBox=\"0 0 1000 1000\" xmlns=\"http:\/\/www.w3.org\/2000\/svg\"><path d=\"M838 162C746 71 633 25 500 25 371 25 258 71 163 162 71 254 25 367 25 500 25 633 71 746 163 837 254 929 367 979 500 979 633 979 746 933 838 837 929 746 975 633 975 500 975 367 929 254 838 162M808 192C892 279 933 379 933 500 933 621 892 725 808 808 725 892 621 938 500 938 379 938 279 896 196 808 113 725 67 621 67 500 67 379 108 279 196 192 279 108 383 62 500 62 621 62 721 108 808 192M438 392V642L642 517 438 392Z\"><\/path><\/svg>\t\t\t\t\t\t<\/div>\n\t\t\t\t\t\t\t\t\t<\/div>\n\t\t\t\t\t<\/div>\n\t\t\t\t\t\t<\/div>\n\t\t\t\t<\/div>\n\t\t\t\t<\/div>\n\t\t\t\t\t<\/div>\n\t\t\t\t<\/div>\n\t\t<div class=\"elementor-element elementor-element-d185a78 e-flex e-con-boxed elementor-invisible e-con e-parent\" data-id=\"d185a78\" data-element_type=\"container\" data-settings=\"{&quot;background_background&quot;:&quot;classic&quot;,&quot;shape_divider_top&quot;:&quot;tilt&quot;,&quot;shape_divider_bottom&quot;:&quot;tilt&quot;,&quot;animation&quot;:&quot;fadeInUp&quot;}\">\n\t\t\t\t\t<div class=\"e-con-inner\">\n\t\t\t\t<div class=\"elementor-shape elementor-shape-top\" data-negative=\"false\">\n\t\t\t<svg xmlns=\"http:\/\/www.w3.org\/2000\/svg\" viewBox=\"0 0 1000 100\" preserveAspectRatio=\"none\">\n\t<path class=\"elementor-shape-fill\" d=\"M0,6V0h1000v100L0,6z\"\/>\n<\/svg>\t\t<\/div>\n\t\t\t\t<div class=\"elementor-shape elementor-shape-bottom\" data-negative=\"false\">\n\t\t\t<svg xmlns=\"http:\/\/www.w3.org\/2000\/svg\" viewBox=\"0 0 1000 100\" preserveAspectRatio=\"none\">\n\t<path class=\"elementor-shape-fill\" d=\"M0,6V0h1000v100L0,6z\"\/>\n<\/svg>\t\t<\/div>\n\t\t<div class=\"elementor-element elementor-element-136fa5a e-con-full e-flex e-con e-child\" data-id=\"136fa5a\" data-element_type=\"container\">\n\t\t\t\t<div class=\"elementor-element elementor-element-9accf8b elementor-widget elementor-widget-image\" data-id=\"9accf8b\" data-element_type=\"widget\" data-widget_type=\"image.default\">\n\t\t\t\t<div class=\"elementor-widget-container\">\n\t\t\t\t\t\t\t\t\t\t\t\t\t\t\t<img decoding=\"async\" width=\"800\" height=\"1000\" src=\"https:\/\/campingpanorama-lipno.cz\/wp-content\/uploads\/2024\/12\/lipno-hallenbad-819x1024.jpg\" class=\"attachment-large size-large wp-image-416\" alt=\"\" srcset=\"https:\/\/campingpanorama-lipno.cz\/wp-content\/uploads\/2024\/12\/lipno-hallenbad-819x1024.jpg 819w, https:\/\/campingpanorama-lipno.cz\/wp-content\/uploads\/2024\/12\/lipno-hallenbad-240x300.jpg 240w, https:\/\/campingpanorama-lipno.cz\/wp-content\/uploads\/2024\/12\/lipno-hallenbad-768x960.jpg 768w, https:\/\/campingpanorama-lipno.cz\/wp-content\/uploads\/2024\/12\/lipno-hallenbad.jpg 1080w\" sizes=\"(max-width: 800px) 100vw, 800px\" \/>\t\t\t\t\t\t\t\t\t\t\t\t\t\t\t<\/div>\n\t\t\t\t<\/div>\n\t\t\t\t<\/div>\n\t\t<div class=\"elementor-element elementor-element-d60b56b e-con-full e-flex e-con e-child\" data-id=\"d60b56b\" data-element_type=\"container\">\n\t\t\t\t<div class=\"elementor-element elementor-element-7f6c206 elementor-widget__width-initial elementor-widget elementor-widget-text-editor\" data-id=\"7f6c206\" data-element_type=\"widget\" data-widget_type=\"text-editor.default\">\n\t\t\t\t<div class=\"elementor-widget-container\">\n\t\t\t\t\t\t\t\t\t<p>V NA\u0160\u00cd BL\u00cdZKOSTI NAJDETE:<\/p><ul><li><br>A<a href=\"https:\/\/www.lipno.info\/zazitky\/aquaworld-lipno.html\">quaworld Lipno<\/a> s baz\u00e9nem a saunou (cca 150 m)<\/li><li><a href=\"https:\/\/www.lipno.info\/de\/erlebnisse\/hafen-marina-lipno.html\">P\u0159\u00edstav Marina Lipno<\/a> \/ p\u016fj\u010dovna lod\u00ed (cca 200 m)<\/li><li>Supermarket (cca 400 m)<\/li><li><a href=\"https:\/\/www.mololipno.cz\/de\/restaurants-und-bars\/\">Restaurace Molo Lipno<\/a> (cca 50 m)<\/li><li>D\u011btsk\u00e9 h\u0159i\u0161t\u011b (cca 100 m)<\/li><\/ul>\t\t\t\t\t\t\t\t<\/div>\n\t\t\t\t<\/div>\n\t\t\t\t<\/div>\n\t\t\t\t\t<\/div>\n\t\t\t\t<\/div>\n\t\t\t\t<\/div>\n\t\t","protected":false},"excerpt":{"rendered":"<p>O kempov\u00e1n\u00ed panorama Kemp Panorama se nach\u00e1z\u00ed na jednom z nejkr\u00e1sn\u011bj\u0161\u00edch m\u00edst Lipensk\u00e9ho jezera v Lipn\u011b nad Vltavou. Tady mus\u00edte p\u0159ij\u00edt a nechat se un\u00e1\u0161et. Proto\u017ee jakmile doraz\u00edte na sv\u00e9 vlastn\u00ed h\u0159i\u0161t\u011b, ka\u017edodenn\u00ed \u017eivot a stres zmiz\u00ed a v\u00e1s se zmocn\u00ed p\u0159\u00edjemn\u00fd, \u00fatuln\u00fd pr\u00e1zdninov\u00fd pocit. P\u0159ije\u010fte si k n\u00e1m na Lipno a u\u017eijte si relaxa\u010dn\u00ed [&hellip;]<\/p>\n","protected":false},"author":1,"featured_media":0,"parent":0,"menu_order":0,"comment_status":"closed","ping_status":"closed","template":"elementor_header_footer","meta":{"footnotes":""},"class_list":["post-612","page","type-page","status-publish","hentry"],"_links":{"self":[{"href":"https:\/\/campingpanorama-lipno.cz\/cs\/wp-json\/wp\/v2\/pages\/612","targetHints":{"allow":["GET"]}}],"collection":[{"href":"https:\/\/campingpanorama-lipno.cz\/cs\/wp-json\/wp\/v2\/pages"}],"about":[{"href":"https:\/\/campingpanorama-lipno.cz\/cs\/wp-json\/wp\/v2\/types\/page"}],"author":[{"embeddable":true,"href":"https:\/\/campingpanorama-lipno.cz\/cs\/wp-json\/wp\/v2\/users\/1"}],"replies":[{"embeddable":true,"href":"https:\/\/campingpanorama-lipno.cz\/cs\/wp-json\/wp\/v2\/comments?post=612"}],"version-history":[{"count":10,"href":"https:\/\/campingpanorama-lipno.cz\/cs\/wp-json\/wp\/v2\/pages\/612\/revisions"}],"predecessor-version":[{"id":822,"href":"https:\/\/campingpanorama-lipno.cz\/cs\/wp-json\/wp\/v2\/pages\/612\/revisions\/822"}],"wp:attachment":[{"href":"https:\/\/campingpanorama-lipno.cz\/cs\/wp-json\/wp\/v2\/media?parent=612"}],"curies":[{"name":"wp","href":"https:\/\/api.w.org\/{rel}","templated":true}]}}