{"id":606,"date":"2024-12-12T12:57:46","date_gmt":"2024-12-12T11:57:46","guid":{"rendered":"https:\/\/campingpanorama-lipno.cz\/home\/"},"modified":"2025-04-25T15:31:52","modified_gmt":"2025-04-25T13:31:52","slug":"home","status":"publish","type":"page","link":"https:\/\/campingpanorama-lipno.cz\/cs\/","title":{"rendered":"Home"},"content":{"rendered":"\t\t<div data-elementor-type=\"wp-page\" data-elementor-id=\"606\" class=\"elementor elementor-606 elementor-11\" data-elementor-post-type=\"page\">\n\t\t\t\t<a class=\"elementor-element elementor-element-976b7f9 e-con-full e-flex e-con e-parent\" data-id=\"976b7f9\" data-element_type=\"container\" data-settings=\"{&quot;background_background&quot;:&quot;classic&quot;,&quot;shape_divider_bottom&quot;:&quot;tilt&quot;}\" href=\"http:\/\/camping-panorama.cz\">\n\t\t\t\t<div class=\"elementor-shape elementor-shape-bottom\" data-negative=\"false\">\n\t\t\t<svg xmlns=\"http:\/\/www.w3.org\/2000\/svg\" viewBox=\"0 0 1000 100\" preserveAspectRatio=\"none\">\n\t<path class=\"elementor-shape-fill\" d=\"M0,6V0h1000v100L0,6z\"\/>\n<\/svg>\t\t<\/div>\n\t\t\t\t<\/a>\n\t\t<div class=\"elementor-element elementor-element-3b9dbf4 e-flex e-con-boxed elementor-invisible e-con e-parent\" data-id=\"3b9dbf4\" data-element_type=\"container\" data-settings=\"{&quot;animation&quot;:&quot;fadeInUp&quot;}\">\n\t\t\t\t\t<div class=\"e-con-inner\">\n\t\t\t\t<div class=\"elementor-element elementor-element-60793cd elementor-widget elementor-widget-heading\" data-id=\"60793cd\" data-element_type=\"widget\" data-widget_type=\"heading.default\">\n\t\t\t\t<div class=\"elementor-widget-container\">\n\t\t\t\t\t<h1 class=\"elementor-heading-title elementor-size-default\"><br>Camping Panorama in Lipno<\/h1>\t\t\t\t<\/div>\n\t\t\t\t<\/div>\n\t\t\t\t<div class=\"elementor-element elementor-element-dc13f19 elementor-widget__width-initial elementor-widget elementor-widget-text-editor\" data-id=\"dc13f19\" data-element_type=\"widget\" data-widget_type=\"text-editor.default\">\n\t\t\t\t<div class=\"elementor-widget-container\">\n\t\t\t\t\t\t\t\t\t<h3>NOV\u00c9 OTEV\u0158EN\u00cd KV\u011aTEN 2025<\/h3>\t\t\t\t\t\t\t\t<\/div>\n\t\t\t\t<\/div>\n\t\t\t\t<div class=\"elementor-element elementor-element-857f192 elementor-widget__width-initial elementor-widget elementor-widget-text-editor\" data-id=\"857f192\" data-element_type=\"widget\" data-widget_type=\"text-editor.default\">\n\t\t\t\t<div class=\"elementor-widget-container\">\n\t\t\t\t\t\t\t\t\t<p>Kemp Panorama v Lipn\u011b nad Vltavou zaz\u00e1\u0159\u00ed v roce 2025 v nov\u00e9 kr\u00e1se. P\u0159\u00edmo u Lipensk\u00e9ho jezera, jen p\u00e1r krok\u016f od m\u011bsta Lipno, na v\u00e1s \u010dek\u00e1 klidn\u00e9 a p\u0159itom ru\u0161n\u00e9 m\u00edsto pro nezapomenutelnou dovolenou v kempu. Nov\u011b otev\u0159en\u00fd kemp Panorama nab\u00edz\u00ed nov\u00e1 h\u0159i\u0161t\u011b, nov\u00fd pavilon s osv\u011b\u017euj\u00edc\u00edmi n\u00e1poji a kreativn\u00edm ob\u010derstven\u00edm a nov\u00e9 pokoje pro v\u00e1\u0161 ka\u017edodenn\u00ed \u017eivot. Vhodn\u00e9 pro mal\u00e9 i velk\u00e9, pro karavany i stany, pro milovn\u00edky jezer i p\u0159\u00edrody.<\/p>\t\t\t\t\t\t\t\t<\/div>\n\t\t\t\t<\/div>\n\t\t\t\t\t<\/div>\n\t\t\t\t<\/div>\n\t\t<div class=\"elementor-element elementor-element-08c2cf7 e-con-full e-flex elementor-invisible e-con e-parent\" data-id=\"08c2cf7\" data-element_type=\"container\" data-settings=\"{&quot;background_background&quot;:&quot;classic&quot;,&quot;shape_divider_top&quot;:&quot;tilt&quot;,&quot;shape_divider_bottom&quot;:&quot;tilt&quot;,&quot;animation&quot;:&quot;fadeInUp&quot;}\">\n\t\t\t\t<div class=\"elementor-shape elementor-shape-top\" data-negative=\"false\">\n\t\t\t<svg xmlns=\"http:\/\/www.w3.org\/2000\/svg\" viewBox=\"0 0 1000 100\" preserveAspectRatio=\"none\">\n\t<path class=\"elementor-shape-fill\" d=\"M0,6V0h1000v100L0,6z\"\/>\n<\/svg>\t\t<\/div>\n\t\t\t\t<div class=\"elementor-shape elementor-shape-bottom\" data-negative=\"false\">\n\t\t\t<svg xmlns=\"http:\/\/www.w3.org\/2000\/svg\" viewBox=\"0 0 1000 100\" preserveAspectRatio=\"none\">\n\t<path class=\"elementor-shape-fill\" d=\"M0,6V0h1000v100L0,6z\"\/>\n<\/svg>\t\t<\/div>\n\t\t<div class=\"elementor-element elementor-element-71f0045 e-con-full e-flex e-con e-child\" data-id=\"71f0045\" data-element_type=\"container\" data-settings=\"{&quot;background_background&quot;:&quot;classic&quot;,&quot;shape_divider_bottom&quot;:&quot;tilt&quot;}\">\n\t\t\t\t<div class=\"elementor-shape elementor-shape-bottom\" data-negative=\"false\">\n\t\t\t<svg xmlns=\"http:\/\/www.w3.org\/2000\/svg\" viewBox=\"0 0 1000 100\" preserveAspectRatio=\"none\">\n\t<path class=\"elementor-shape-fill\" d=\"M0,6V0h1000v100L0,6z\"\/>\n<\/svg>\t\t<\/div>\n\t\t\t\t<\/div>\n\t\t<div class=\"elementor-element elementor-element-05f15b0 e-con-full e-flex e-con e-child\" data-id=\"05f15b0\" data-element_type=\"container\" data-settings=\"{&quot;background_background&quot;:&quot;classic&quot;,&quot;shape_divider_top&quot;:&quot;tilt&quot;}\">\n\t\t\t\t<div class=\"elementor-shape elementor-shape-top\" data-negative=\"false\">\n\t\t\t<svg xmlns=\"http:\/\/www.w3.org\/2000\/svg\" viewBox=\"0 0 1000 100\" preserveAspectRatio=\"none\">\n\t<path class=\"elementor-shape-fill\" d=\"M0,6V0h1000v100L0,6z\"\/>\n<\/svg>\t\t<\/div>\n\t\t\t\t<\/div>\n\t\t\t\t<\/div>\n\t\t<div class=\"elementor-element elementor-element-ceee858 e-flex e-con-boxed elementor-invisible e-con e-parent\" data-id=\"ceee858\" data-element_type=\"container\" id=\"buchen\" data-settings=\"{&quot;animation&quot;:&quot;fadeInUp&quot;}\">\n\t\t\t\t\t<div class=\"e-con-inner\">\n\t\t\t\t<div class=\"elementor-element elementor-element-b056351 elementor-widget elementor-widget-heading\" data-id=\"b056351\" data-element_type=\"widget\" data-widget_type=\"heading.default\">\n\t\t\t\t<div class=\"elementor-widget-container\">\n\t\t\t\t\t<h2 class=\"elementor-heading-title elementor-size-default\"><br>KEMPINGOV\u00c1 PLATBA<\/h2>\t\t\t\t<\/div>\n\t\t\t\t<\/div>\n\t\t\t\t<div class=\"elementor-element elementor-element-45d4287 elementor-widget__width-initial elementor-widget-tablet__width-inherit elementor-widget elementor-widget-text-editor\" data-id=\"45d4287\" data-element_type=\"widget\" data-widget_type=\"text-editor.default\">\n\t\t\t\t<div class=\"elementor-widget-container\">\n\t\t\t\t\t\t\t\t\t<p>Najd\u011bte si ide\u00e1ln\u00ed m\u00edsto pro svou dovolenou v kempu. Kemp Panorama nab\u00edz\u00ed pro ka\u017ed\u00e9ho po\u017eadovan\u00fd z\u00e1\u017eitek z kempov\u00e1n\u00ed s pozemky o rozloze 60 a\u017e 100 m2 &#8211; v klidu a na samot\u011b nebo v bl\u00edzkosti jezera s v\u00fdhledem na n\u00e1dhern\u00e9 z\u00e1pady slunce a jen p\u00e1r krok\u016f od tr\u00e1vn\u00edku na opalov\u00e1n\u00ed a pavilonu.<\/p>\t\t\t\t\t\t\t\t<\/div>\n\t\t\t\t<\/div>\n\t\t<div class=\"elementor-element elementor-element-0dbcd18 e-con-full e-flex e-con e-child\" data-id=\"0dbcd18\" data-element_type=\"container\" data-settings=\"{&quot;background_background&quot;:&quot;classic&quot;}\">\n\t\t\t\t<div class=\"elementor-element elementor-element-9469391 elementor-widget elementor-widget-image\" data-id=\"9469391\" data-element_type=\"widget\" data-widget_type=\"image.default\">\n\t\t\t\t<div class=\"elementor-widget-container\">\n\t\t\t\t\t\t\t\t\t\t\t\t\t\t\t<img fetchpriority=\"high\" decoding=\"async\" width=\"724\" height=\"1024\" src=\"https:\/\/campingpanorama-lipno.cz\/wp-content\/uploads\/2025\/04\/003_Lageplan-Campingplatz_klein-724x1024.jpg\" class=\"attachment-large size-large wp-image-759\" alt=\"\" srcset=\"https:\/\/campingpanorama-lipno.cz\/wp-content\/uploads\/2025\/04\/003_Lageplan-Campingplatz_klein-724x1024.jpg 724w, https:\/\/campingpanorama-lipno.cz\/wp-content\/uploads\/2025\/04\/003_Lageplan-Campingplatz_klein-212x300.jpg 212w, https:\/\/campingpanorama-lipno.cz\/wp-content\/uploads\/2025\/04\/003_Lageplan-Campingplatz_klein-768x1086.jpg 768w, https:\/\/campingpanorama-lipno.cz\/wp-content\/uploads\/2025\/04\/003_Lageplan-Campingplatz_klein-1086x1536.jpg 1086w, https:\/\/campingpanorama-lipno.cz\/wp-content\/uploads\/2025\/04\/003_Lageplan-Campingplatz_klein-1448x2048.jpg 1448w, https:\/\/campingpanorama-lipno.cz\/wp-content\/uploads\/2025\/04\/003_Lageplan-Campingplatz_klein-scaled.jpg 1811w\" sizes=\"(max-width: 724px) 100vw, 724px\" \/>\t\t\t\t\t\t\t\t\t\t\t\t\t\t\t<\/div>\n\t\t\t\t<\/div>\n\t\t\t\t<div class=\"elementor-element elementor-element-086f84b elementor-align-center elementor-tablet-align-center elementor-mobile-align-center elementor-widget elementor-widget-button\" data-id=\"086f84b\" data-element_type=\"widget\" data-widget_type=\"button.default\">\n\t\t\t\t<div class=\"elementor-widget-container\">\n\t\t\t\t\t\t\t\t\t<div class=\"elementor-button-wrapper\">\n\t\t\t\t\t<a class=\"elementor-button elementor-button-link elementor-size-sm\" href=\"https:\/\/campingpanorama-lipno.cz\/cs\/o-nas\/\">\n\t\t\t\t\t\t<span class=\"elementor-button-content-wrapper\">\n\t\t\t\t\t\t\t\t\t<span class=\"elementor-button-text\">Ceny 2025<\/span>\n\t\t\t\t\t<\/span>\n\t\t\t\t\t<\/a>\n\t\t\t\t<\/div>\n\t\t\t\t\t\t\t\t<\/div>\n\t\t\t\t<\/div>\n\t\t\t\t<\/div>\n\t\t\t\t\t<\/div>\n\t\t\t\t<\/div>\n\t\t<div class=\"elementor-element elementor-element-a015457 e-flex e-con-boxed elementor-invisible e-con e-parent\" data-id=\"a015457\" data-element_type=\"container\" data-settings=\"{&quot;animation&quot;:&quot;fadeInUp&quot;}\">\n\t\t\t\t\t<div class=\"e-con-inner\">\n\t\t\t\t<div class=\"elementor-element elementor-element-30fb634 elementor-widget elementor-widget-heading\" data-id=\"30fb634\" data-element_type=\"widget\" data-widget_type=\"heading.default\">\n\t\t\t\t<div class=\"elementor-widget-container\">\n\t\t\t\t\t<h2 class=\"elementor-heading-title elementor-size-default\"><br>objevit lipno nad vltavou<\/h2>\t\t\t\t<\/div>\n\t\t\t\t<\/div>\n\t\t\t\t\t<\/div>\n\t\t\t\t<\/div>\n\t\t<div class=\"elementor-element elementor-element-6211d47 e-flex e-con-boxed elementor-invisible e-con e-parent\" data-id=\"6211d47\" data-element_type=\"container\" data-settings=\"{&quot;background_background&quot;:&quot;classic&quot;,&quot;shape_divider_top&quot;:&quot;tilt&quot;,&quot;shape_divider_bottom&quot;:&quot;tilt&quot;,&quot;animation&quot;:&quot;fadeInUp&quot;}\">\n\t\t\t\t\t<div class=\"e-con-inner\">\n\t\t\t\t<div class=\"elementor-shape elementor-shape-top\" data-negative=\"false\">\n\t\t\t<svg xmlns=\"http:\/\/www.w3.org\/2000\/svg\" viewBox=\"0 0 1000 100\" preserveAspectRatio=\"none\">\n\t<path class=\"elementor-shape-fill\" d=\"M0,6V0h1000v100L0,6z\"\/>\n<\/svg>\t\t<\/div>\n\t\t\t\t<div class=\"elementor-shape elementor-shape-bottom\" data-negative=\"false\">\n\t\t\t<svg xmlns=\"http:\/\/www.w3.org\/2000\/svg\" viewBox=\"0 0 1000 100\" preserveAspectRatio=\"none\">\n\t<path class=\"elementor-shape-fill\" d=\"M0,6V0h1000v100L0,6z\"\/>\n<\/svg>\t\t<\/div>\n\t\t<div class=\"elementor-element elementor-element-e208822 e-con-full e-flex e-con e-child\" data-id=\"e208822\" data-element_type=\"container\">\n\t\t\t\t<div class=\"elementor-element elementor-element-7e7653f elementor-widget elementor-widget-image\" data-id=\"7e7653f\" data-element_type=\"widget\" data-widget_type=\"image.default\">\n\t\t\t\t<div class=\"elementor-widget-container\">\n\t\t\t\t\t\t\t\t\t\t\t\t\t\t\t<img decoding=\"async\" width=\"800\" height=\"1000\" src=\"https:\/\/campingpanorama-lipno.cz\/wp-content\/uploads\/2024\/12\/camping-panorama-lipno_lipno-see_ausblick-819x1024.jpeg\" class=\"attachment-large size-large wp-image-342\" alt=\"\" srcset=\"https:\/\/campingpanorama-lipno.cz\/wp-content\/uploads\/2024\/12\/camping-panorama-lipno_lipno-see_ausblick-819x1024.jpeg 819w, https:\/\/campingpanorama-lipno.cz\/wp-content\/uploads\/2024\/12\/camping-panorama-lipno_lipno-see_ausblick-240x300.jpeg 240w, https:\/\/campingpanorama-lipno.cz\/wp-content\/uploads\/2024\/12\/camping-panorama-lipno_lipno-see_ausblick-768x960.jpeg 768w, https:\/\/campingpanorama-lipno.cz\/wp-content\/uploads\/2024\/12\/camping-panorama-lipno_lipno-see_ausblick.jpeg 1080w\" sizes=\"(max-width: 800px) 100vw, 800px\" \/>\t\t\t\t\t\t\t\t\t\t\t\t\t\t\t<\/div>\n\t\t\t\t<\/div>\n\t\t\t\t<\/div>\n\t\t<div class=\"elementor-element elementor-element-270a277 e-con-full e-flex e-con e-child\" data-id=\"270a277\" data-element_type=\"container\">\n\t\t\t\t<div class=\"elementor-element elementor-element-06eb2eb elementor-widget__width-initial elementor-widget elementor-widget-text-editor\" data-id=\"06eb2eb\" data-element_type=\"widget\" data-widget_type=\"text-editor.default\">\n\t\t\t\t<div class=\"elementor-widget-container\">\n\t\t\t\t\t\t\t\t\t<p>Okol\u00ed Lipna nad Vltavou je rozmanit\u00e9. Spojuje v sob\u011b bl\u00edzkost p\u0159\u00edrody, klid, dobrodru\u017estv\u00ed.  <span style=\"background-color: var( --e-global-color-primary );\">a srde\u010dnost. Vychutnejte si malebnou krajinu, pocit \u017eivota, m\u00edstn\u00ed obyvatele, kte\u0159\u00ed v\u00e1s p\u0159iv\u00edtaj\u00ed s otev\u0159enou n\u00e1ru\u010d\u00ed, a region, kter\u00fd je symbolem z\u00e1bavy a dobr\u00e9 n\u00e1lady.<\/span><\/p>\t\t\t\t\t\t\t\t<\/div>\n\t\t\t\t<\/div>\n\t\t\t\t<div class=\"elementor-element elementor-element-4902bcd elementor-tablet-align-left elementor-align-right elementor-widget elementor-widget-button\" data-id=\"4902bcd\" data-element_type=\"widget\" data-widget_type=\"button.default\">\n\t\t\t\t<div class=\"elementor-widget-container\">\n\t\t\t\t\t\t\t\t\t<div class=\"elementor-button-wrapper\">\n\t\t\t\t\t<a class=\"elementor-button elementor-button-link elementor-size-sm\" href=\"https:\/\/campingpanorama-lipno.cz\/cs\/tipy-pro-region-a-volny-cas\/\">\n\t\t\t\t\t\t<span class=\"elementor-button-content-wrapper\">\n\t\t\t\t\t\t\t\t\t<span class=\"elementor-button-text\">Zjist\u011bte v\u00edce<\/span>\n\t\t\t\t\t<\/span>\n\t\t\t\t\t<\/a>\n\t\t\t\t<\/div>\n\t\t\t\t\t\t\t\t<\/div>\n\t\t\t\t<\/div>\n\t\t\t\t<\/div>\n\t\t\t\t\t<\/div>\n\t\t\t\t<\/div>\n\t\t<div class=\"elementor-element elementor-element-c35ba14 e-flex e-con-boxed e-con e-parent\" data-id=\"c35ba14\" data-element_type=\"container\">\n\t\t\t\t\t<div class=\"e-con-inner\">\n\t\t\t\t<div class=\"elementor-element elementor-element-db5db8b elementor-widget elementor-widget-heading\" data-id=\"db5db8b\" data-element_type=\"widget\" data-widget_type=\"heading.default\">\n\t\t\t\t<div class=\"elementor-widget-container\">\n\t\t\t\t\t<h2 class=\"elementor-heading-title elementor-size-default\"><br>tipy pro voln\u00fd \u010das<\/h2>\t\t\t\t<\/div>\n\t\t\t\t<\/div>\n\t\t\t\t\t<\/div>\n\t\t\t\t<\/div>\n\t\t<div class=\"elementor-element elementor-element-cc9598b e-flex e-con-boxed e-con e-parent\" data-id=\"cc9598b\" data-element_type=\"container\">\n\t\t\t\t\t<div class=\"e-con-inner\">\n\t\t\t\t<div class=\"elementor-element elementor-element-7ef0865 elementor-widget__width-initial elementor-widget-tablet__width-inherit elementor-widget elementor-widget-text-editor\" data-id=\"7ef0865\" data-element_type=\"widget\" data-widget_type=\"text-editor.default\">\n\t\t\t\t<div class=\"elementor-widget-container\">\n\t\t\t\t\t\t\t\t\t<p>Nejlep\u0161\u00ed je napl\u00e1novat si na Lipn\u011b den nav\u00edc, proto\u017ee p\u0159i tolika mo\u017enostech se v\u00e1m \u010das vy\u010derp\u00e1. A\u0165 u\u017e se jedn\u00e1 o j\u00edzdu na horsk\u00e9m kole nebo sjezd, p\u011b\u0161\u00ed turistiku nebo proch\u00e1zku kolem jezera, j\u00edzdu na lodi nebo proj\u00ed\u017e\u010fku na SUP. Lipno je pro dosp\u011bl\u00e9 i d\u011bti skute\u010dn\u00fdm r\u00e1jem dobrodru\u017estv\u00ed s mnoha v\u00fdletn\u00edmi c\u00edli.<\/p>\t\t\t\t\t\t\t\t<\/div>\n\t\t\t\t<\/div>\n\t\t\t\t<div class=\"elementor-element elementor-element-adebdbc elementor-align-center elementor-tablet-align-center elementor-mobile-align-center elementor-widget elementor-widget-button\" data-id=\"adebdbc\" data-element_type=\"widget\" data-widget_type=\"button.default\">\n\t\t\t\t<div class=\"elementor-widget-container\">\n\t\t\t\t\t\t\t\t\t<div class=\"elementor-button-wrapper\">\n\t\t\t\t\t<a class=\"elementor-button elementor-button-link elementor-size-sm\" href=\"https:\/\/campingpanorama-lipno.cz\/cs\/tipy-pro-region-a-volny-cas\/\">\n\t\t\t\t\t\t<span class=\"elementor-button-content-wrapper\">\n\t\t\t\t\t\t\t\t\t<span class=\"elementor-button-text\">Zjist\u011bte v\u00edce<\/span>\n\t\t\t\t\t<\/span>\n\t\t\t\t\t<\/a>\n\t\t\t\t<\/div>\n\t\t\t\t\t\t\t\t<\/div>\n\t\t\t\t<\/div>\n\t\t\t\t\t<\/div>\n\t\t\t\t<\/div>\n\t\t<div class=\"elementor-element elementor-element-d5b5b9e e-con-full e-flex elementor-invisible e-con e-parent\" data-id=\"d5b5b9e\" data-element_type=\"container\" data-settings=\"{&quot;background_background&quot;:&quot;classic&quot;,&quot;shape_divider_top&quot;:&quot;tilt&quot;,&quot;shape_divider_bottom&quot;:&quot;tilt&quot;,&quot;animation&quot;:&quot;fadeInUp&quot;}\">\n\t\t\t\t<div class=\"elementor-shape elementor-shape-top\" data-negative=\"false\">\n\t\t\t<svg xmlns=\"http:\/\/www.w3.org\/2000\/svg\" viewBox=\"0 0 1000 100\" preserveAspectRatio=\"none\">\n\t<path class=\"elementor-shape-fill\" d=\"M0,6V0h1000v100L0,6z\"\/>\n<\/svg>\t\t<\/div>\n\t\t\t\t<div class=\"elementor-shape elementor-shape-bottom\" data-negative=\"false\">\n\t\t\t<svg xmlns=\"http:\/\/www.w3.org\/2000\/svg\" viewBox=\"0 0 1000 100\" preserveAspectRatio=\"none\">\n\t<path class=\"elementor-shape-fill\" d=\"M0,6V0h1000v100L0,6z\"\/>\n<\/svg>\t\t<\/div>\n\t\t<div class=\"elementor-element elementor-element-5cad717 e-con-full e-flex e-con e-child\" data-id=\"5cad717\" data-element_type=\"container\" data-settings=\"{&quot;background_background&quot;:&quot;classic&quot;,&quot;shape_divider_bottom&quot;:&quot;tilt&quot;}\">\n\t\t\t\t<div class=\"elementor-shape elementor-shape-bottom\" data-negative=\"false\">\n\t\t\t<svg xmlns=\"http:\/\/www.w3.org\/2000\/svg\" viewBox=\"0 0 1000 100\" preserveAspectRatio=\"none\">\n\t<path class=\"elementor-shape-fill\" d=\"M0,6V0h1000v100L0,6z\"\/>\n<\/svg>\t\t<\/div>\n\t\t\t\t<\/div>\n\t\t<div class=\"elementor-element elementor-element-9ab1122 e-con-full e-flex e-con e-child\" data-id=\"9ab1122\" data-element_type=\"container\" data-settings=\"{&quot;background_background&quot;:&quot;classic&quot;,&quot;shape_divider_top&quot;:&quot;tilt&quot;}\">\n\t\t\t\t<div class=\"elementor-shape elementor-shape-top\" data-negative=\"false\">\n\t\t\t<svg xmlns=\"http:\/\/www.w3.org\/2000\/svg\" viewBox=\"0 0 1000 100\" preserveAspectRatio=\"none\">\n\t<path class=\"elementor-shape-fill\" d=\"M0,6V0h1000v100L0,6z\"\/>\n<\/svg>\t\t<\/div>\n\t\t\t\t<\/div>\n\t\t\t\t<\/div>\n\t\t<div class=\"elementor-element elementor-element-482201b e-flex e-con-boxed elementor-invisible e-con e-parent\" data-id=\"482201b\" data-element_type=\"container\" data-settings=\"{&quot;animation&quot;:&quot;fadeInUp&quot;}\">\n\t\t\t\t\t<div class=\"e-con-inner\">\n\t\t<div class=\"elementor-element elementor-element-d6f3389 e-con-full e-flex e-con e-child\" data-id=\"d6f3389\" data-element_type=\"container\">\n\t\t\t\t<div class=\"elementor-element elementor-element-54c3ca5 elementor-widget elementor-widget-image\" data-id=\"54c3ca5\" data-element_type=\"widget\" data-widget_type=\"image.default\">\n\t\t\t\t<div class=\"elementor-widget-container\">\n\t\t\t\t\t\t\t\t\t\t\t\t\t\t\t<img decoding=\"async\" width=\"800\" height=\"760\" src=\"https:\/\/campingpanorama-lipno.cz\/wp-content\/uploads\/2024\/12\/camping-panorama-pavillon-visualisierung-neueroeffnung2025.png\" class=\"attachment-large size-large wp-image-364\" alt=\"\" srcset=\"https:\/\/campingpanorama-lipno.cz\/wp-content\/uploads\/2024\/12\/camping-panorama-pavillon-visualisierung-neueroeffnung2025.png 961w, https:\/\/campingpanorama-lipno.cz\/wp-content\/uploads\/2024\/12\/camping-panorama-pavillon-visualisierung-neueroeffnung2025-300x285.png 300w, https:\/\/campingpanorama-lipno.cz\/wp-content\/uploads\/2024\/12\/camping-panorama-pavillon-visualisierung-neueroeffnung2025-768x730.png 768w\" sizes=\"(max-width: 800px) 100vw, 800px\" \/>\t\t\t\t\t\t\t\t\t\t\t\t\t\t\t<\/div>\n\t\t\t\t<\/div>\n\t\t\t\t<\/div>\n\t\t<div class=\"elementor-element elementor-element-b6024e5 e-con-full e-flex e-con e-child\" data-id=\"b6024e5\" data-element_type=\"container\">\n\t\t\t\t<div class=\"elementor-element elementor-element-54ca0ab elementor-widget__width-initial elementor-widget elementor-widget-text-editor\" data-id=\"54ca0ab\" data-element_type=\"widget\" data-widget_type=\"text-editor.default\">\n\t\t\t\t<div class=\"elementor-widget-container\">\n\t\t\t\t\t\t\t\t\t<p>NOVINKA OD KV\u011aTNA 2025<\/p><p>Chv\u00edle pohody a pot\u011b\u0161en\u00ed jsou zde zaru\u010deny. Zrekonstruovan\u00fd pavilon bude st\u0159edobodem kempu Panorama. Odtud je nejlep\u0161\u00ed v\u00fdhled na Lipensk\u00e9 jezero a nejkr\u00e1sn\u011bj\u0161\u00ed z\u00e1pady slunce.<\/p>\t\t\t\t\t\t\t\t<\/div>\n\t\t\t\t<\/div>\n\t\t\t\t<div class=\"elementor-element elementor-element-cdcebdf elementor-align-center elementor-tablet-align-left elementor-widget elementor-widget-button\" data-id=\"cdcebdf\" data-element_type=\"widget\" data-widget_type=\"button.default\">\n\t\t\t\t<div class=\"elementor-widget-container\">\n\t\t\t\t\t\t\t\t\t<div class=\"elementor-button-wrapper\">\n\t\t\t\t\t<a class=\"elementor-button elementor-button-link elementor-size-sm\" href=\"https:\/\/campingpanorama-lipno.cz\/cs\/o-nas\/\">\n\t\t\t\t\t\t<span class=\"elementor-button-content-wrapper\">\n\t\t\t\t\t\t\t\t\t<span class=\"elementor-button-text\">Zjist\u011bte v\u00edce<\/span>\n\t\t\t\t\t<\/span>\n\t\t\t\t\t<\/a>\n\t\t\t\t<\/div>\n\t\t\t\t\t\t\t\t<\/div>\n\t\t\t\t<\/div>\n\t\t\t\t<\/div>\n\t\t\t\t\t<\/div>\n\t\t\t\t<\/div>\n\t\t\t\t<\/div>\n\t\t","protected":false},"excerpt":{"rendered":"<p>Camping Panorama in Lipno NOV\u00c9 OTEV\u0158EN\u00cd KV\u011aTEN 2025 Kemp Panorama v Lipn\u011b nad Vltavou zaz\u00e1\u0159\u00ed v roce 2025 v nov\u00e9 kr\u00e1se. P\u0159\u00edmo u Lipensk\u00e9ho jezera, jen p\u00e1r krok\u016f od m\u011bsta Lipno, na v\u00e1s \u010dek\u00e1 klidn\u00e9 a p\u0159itom ru\u0161n\u00e9 m\u00edsto pro nezapomenutelnou dovolenou v kempu. Nov\u011b otev\u0159en\u00fd kemp Panorama nab\u00edz\u00ed nov\u00e1 h\u0159i\u0161t\u011b, nov\u00fd pavilon s osv\u011b\u017euj\u00edc\u00edmi [&hellip;]<\/p>\n","protected":false},"author":1,"featured_media":0,"parent":0,"menu_order":0,"comment_status":"closed","ping_status":"closed","template":"elementor_header_footer","meta":{"footnotes":""},"class_list":["post-606","page","type-page","status-publish","hentry"],"_links":{"self":[{"href":"https:\/\/campingpanorama-lipno.cz\/cs\/wp-json\/wp\/v2\/pages\/606","targetHints":{"allow":["GET"]}}],"collection":[{"href":"https:\/\/campingpanorama-lipno.cz\/cs\/wp-json\/wp\/v2\/pages"}],"about":[{"href":"https:\/\/campingpanorama-lipno.cz\/cs\/wp-json\/wp\/v2\/types\/page"}],"author":[{"embeddable":true,"href":"https:\/\/campingpanorama-lipno.cz\/cs\/wp-json\/wp\/v2\/users\/1"}],"replies":[{"embeddable":true,"href":"https:\/\/campingpanorama-lipno.cz\/cs\/wp-json\/wp\/v2\/comments?post=606"}],"version-history":[{"count":14,"href":"https:\/\/campingpanorama-lipno.cz\/cs\/wp-json\/wp\/v2\/pages\/606\/revisions"}],"predecessor-version":[{"id":805,"href":"https:\/\/campingpanorama-lipno.cz\/cs\/wp-json\/wp\/v2\/pages\/606\/revisions\/805"}],"wp:attachment":[{"href":"https:\/\/campingpanorama-lipno.cz\/cs\/wp-json\/wp\/v2\/media?parent=606"}],"curies":[{"name":"wp","href":"https:\/\/api.w.org\/{rel}","templated":true}]}}